{"id":117,"date":"2025-03-19T17:59:10","date_gmt":"2025-03-19T16:59:10","guid":{"rendered":"https:\/\/lecanal.org\/?page_id=117"},"modified":"2025-03-19T18:11:51","modified_gmt":"2025-03-19T17:11:51","slug":"reservation-ateliers","status":"publish","type":"page","link":"https:\/\/lecanal.org\/?page_id=117","title":{"rendered":"R\u00e9servation ateliers"},"content":{"rendered":"\t\t<div data-elementor-type=\"wp-page\" data-elementor-id=\"117\" class=\"elementor elementor-117\">\n\t\t\t\t<div class=\"elementor-element elementor-element-1b1d491 e-flex e-con-boxed e-con e-parent\" data-id=\"1b1d491\" data-element_type=\"container\">\n\t\t\t\t\t<div class=\"e-con-inner\">\n\t\t\t\t<div class=\"elementor-element elementor-element-12555b8 elementor-widget elementor-widget-spacer\" data-id=\"12555b8\" data-element_type=\"widget\" data-widget_type=\"spacer.default\">\n\t\t\t\t<div class=\"elementor-widget-container\">\n\t\t\t\t\t\t\t<div class=\"elementor-spacer\">\n\t\t\t<div class=\"elementor-spacer-inner\"><\/div>\n\t\t<\/div>\n\t\t\t\t\t\t<\/div>\n\t\t\t\t<\/div>\n\t\t\t\t\t<\/div>\n\t\t\t\t<\/div>\n\t\t<div class=\"elementor-element elementor-element-95a1138 e-flex e-con-boxed e-con e-parent\" data-id=\"95a1138\" data-element_type=\"container\">\n\t\t\t\t\t<div class=\"e-con-inner\">\n\t\t<div class=\"elementor-element elementor-element-58d0367 e-con-full e-flex e-con e-child\" data-id=\"58d0367\" data-element_type=\"container\">\n\t\t\t\t<div class=\"elementor-element elementor-element-f1d151e elementor-widget elementor-widget-image\" data-id=\"f1d151e\" data-element_type=\"widget\" data-widget_type=\"image.default\">\n\t\t\t\t<div class=\"elementor-widget-container\">\n\t\t\t\t\t\t\t\t\t\t\t\t\t\t\t<img fetchpriority=\"high\" decoding=\"async\" width=\"587\" height=\"818\" src=\"https:\/\/lecanal.org\/wp-content\/uploads\/2025\/02\/AFFICHE-EXPOSITION-KIMONO-LE-CANAL.png\" class=\"attachment-large size-large wp-image-62\" alt=\"\" srcset=\"https:\/\/lecanal.org\/wp-content\/uploads\/2025\/02\/AFFICHE-EXPOSITION-KIMONO-LE-CANAL.png 587w, https:\/\/lecanal.org\/wp-content\/uploads\/2025\/02\/AFFICHE-EXPOSITION-KIMONO-LE-CANAL-215x300.png 215w\" sizes=\"(max-width: 587px) 100vw, 587px\" \/>\t\t\t\t\t\t\t\t\t\t\t\t\t\t\t<\/div>\n\t\t\t\t<\/div>\n\t\t\t\t<\/div>\n\t\t<div class=\"elementor-element elementor-element-ec86d84 e-con-full e-flex e-con e-child\" data-id=\"ec86d84\" data-element_type=\"container\">\n\t\t\t\t<div class=\"elementor-element elementor-element-a18fc34 elementor-widget elementor-widget-wpforms\" data-id=\"a18fc34\" data-element_type=\"widget\" data-widget_type=\"wpforms.default\">\n\t\t\t\t<div class=\"elementor-widget-container\">\n\t\t\t\t\t<style id=\"wpforms-css-vars-elementor-widget-a18fc34\">\n\t\t\t\t.elementor-widget-wpforms.elementor-element-a18fc34 {\n\t\t\t\t--wpforms-field-size-input-height: 31px;\n--wpforms-field-size-input-spacing: 10px;\n--wpforms-field-size-font-size: 14px;\n--wpforms-field-size-line-height: 17px;\n--wpforms-field-size-padding-h: 9px;\n--wpforms-field-size-checkbox-size: 14px;\n--wpforms-field-size-sublabel-spacing: 5px;\n--wpforms-field-size-icon-size: 0.75;\n--wpforms-label-size-font-size: 18px;\n--wpforms-label-size-line-height: 21px;\n--wpforms-label-size-sublabel-font-size: 16px;\n--wpforms-label-size-sublabel-line-height: 19px;\n--wpforms-button-size-font-size: 17px;\n--wpforms-button-size-height: 41px;\n--wpforms-button-size-padding-h: 15px;\n--wpforms-button-size-margin-top: 10px;\n\n\t\t\t}\n\t\t\t<\/style><div class=\"wpforms-container wpforms-container-full wpforms-render-modern\" id=\"wpforms-109\"><form id=\"wpforms-form-109\" class=\"wpforms-validate wpforms-form wpforms-ajax-form\" data-formid=\"109\" method=\"post\" enctype=\"multipart\/form-data\" action=\"\/index.php?rest_route=%2Fwp%2Fv2%2Fpages%2F117\" data-token=\"3a5e9791aec9e76aec6aa4e528746286\" data-token-time=\"1775685216\"><div class=\"wpforms-head-container\"><div class=\"wpforms-title\">R\u00e9servation d&#039;un atelier &gt;&gt;&gt; Exposition Kimono du 4 avril au 4 mai<\/div><\/div><noscript class=\"wpforms-error-noscript\">Veuillez activer JavaScript dans votre navigateur pour remplir ce formulaire.<\/noscript><div class=\"wpforms-hidden\" id=\"wpforms-error-noscript\">Veuillez activer JavaScript dans votre navigateur pour remplir ce formulaire.<\/div><div class=\"wpforms-field-container\"><div id=\"wpforms-109-field_1-container\" class=\"wpforms-field wpforms-field-name\" data-field-id=\"1\"><fieldset><legend class=\"wpforms-field-label\">Civilit\u00e9 <span class=\"wpforms-required-label\" aria-hidden=\"true\">*<\/span><\/legend><div class=\"wpforms-field-row wpforms-field-medium\"><div class=\"wpforms-field-row-block wpforms-first wpforms-one-half\"><input type=\"text\" id=\"wpforms-109-field_1\" class=\"wpforms-field-name-first wpforms-field-required\" name=\"wpforms[fields][1][first]\" aria-errormessage=\"wpforms-109-field_1-error\" required><label for=\"wpforms-109-field_1\" class=\"wpforms-field-sublabel after\">Pr\u00e9nom<\/label><\/div><div class=\"wpforms-field-row-block wpforms-one-half\"><input type=\"text\" id=\"wpforms-109-field_1-last\" class=\"wpforms-field-name-last wpforms-field-required\" name=\"wpforms[fields][1][last]\" aria-errormessage=\"wpforms-109-field_1-last-error\" required><label for=\"wpforms-109-field_1-last\" class=\"wpforms-field-sublabel after\">Nom<\/label><\/div><\/div><\/fieldset><\/div><div id=\"wpforms-109-field_14-container\" class=\"wpforms-field wpforms-field-text\" data-field-id=\"14\"><label class=\"wpforms-field-label\" for=\"wpforms-109-field_14\">T\u00e9l\u00e9phone <span class=\"wpforms-required-label\" aria-hidden=\"true\">*<\/span><\/label><input type=\"text\" id=\"wpforms-109-field_14\" class=\"wpforms-field-medium wpforms-field-required\" name=\"wpforms[fields][14]\" aria-errormessage=\"wpforms-109-field_14-error\" required><\/div><div id=\"wpforms-109-field_8-container\" class=\"wpforms-field wpforms-field-email\" data-field-id=\"8\"><label class=\"wpforms-field-label\" for=\"wpforms-109-field_8\">Email <span class=\"wpforms-required-label\" aria-hidden=\"true\">*<\/span><\/label><input type=\"email\" id=\"wpforms-109-field_8\" class=\"wpforms-field-medium wpforms-field-required\" name=\"wpforms[fields][8]\" spellcheck=\"false\" aria-errormessage=\"wpforms-109-field_8-error\" required><\/div><div id=\"wpforms-109-field_6-container\" class=\"wpforms-field wpforms-field-select wpforms-field-select-style-classic\" data-field-id=\"6\"><label class=\"wpforms-field-label\" for=\"wpforms-109-field_6\">Atelier origami - 13 avril 2025 \u00e0 15h<\/label><select id=\"wpforms-109-field_6\" class=\"wpforms-field-medium\" name=\"wpforms[fields][6]\"><option value=\"Personne\" >Personne<\/option><option value=\"1 personne\" >1 personne<\/option><option value=\"2 personnes\" >2 personnes<\/option><option value=\"3 personnes\" >3 personnes<\/option><option value=\"4 personnes\" >4 personnes<\/option><\/select><div id=\"wpforms-109-field_6-description\" class=\"wpforms-field-description\">Indiquez combien de personnes participera \u00e0 cet atelier<\/div><\/div><div id=\"wpforms-109-field_10-container\" class=\"wpforms-field wpforms-field-select wpforms-field-select-style-classic\" data-field-id=\"10\"><label class=\"wpforms-field-label\" for=\"wpforms-109-field_10\">Atelier ha\u00efku - 19 avril 2025 \u00e0 15h<\/label><select id=\"wpforms-109-field_10\" class=\"wpforms-field-medium\" name=\"wpforms[fields][10]\"><option value=\"Personne\" >Personne<\/option><option value=\"1 personne\" >1 personne<\/option><option value=\"2 personnes\" >2 personnes<\/option><option value=\"3 personnes\" >3 personnes<\/option><option value=\"4 personnes\" >4 personnes<\/option><\/select><div id=\"wpforms-109-field_10-description\" class=\"wpforms-field-description\">Indiquez combien de personnes participera \u00e0 cet atelier<\/div><\/div><div id=\"wpforms-109-field_11-container\" class=\"wpforms-field wpforms-field-select wpforms-field-select-style-classic\" data-field-id=\"11\"><label class=\"wpforms-field-label\" for=\"wpforms-109-field_11\">Atelier litt\u00e9rature japonaise - 20 avril 2025 \u00e0 15h<\/label><select id=\"wpforms-109-field_11\" class=\"wpforms-field-medium\" name=\"wpforms[fields][11]\"><option value=\"Personne\" >Personne<\/option><option value=\"1 personne\" >1 personne<\/option><option value=\"2 personnes\" >2 personnes<\/option><option value=\"3 personnes\" >3 personnes<\/option><option value=\"4 personnes\" >4 personnes<\/option><\/select><div id=\"wpforms-109-field_11-description\" class=\"wpforms-field-description\">Indiquez combien de personnes participera \u00e0 cet atelier<\/div><\/div><div id=\"wpforms-109-field_12-container\" class=\"wpforms-field wpforms-field-select wpforms-field-select-style-classic\" data-field-id=\"12\"><label class=\"wpforms-field-label\" for=\"wpforms-109-field_12\">Atelier origami - 3 mai 2025 \u00e0 15h<\/label><select id=\"wpforms-109-field_12\" class=\"wpforms-field-medium\" name=\"wpforms[fields][12]\"><option value=\"Personne\" >Personne<\/option><option value=\"1 personne\" >1 personne<\/option><option value=\"2 personnes\" >2 personnes<\/option><option value=\"3 personnes\" >3 personnes<\/option><option value=\"4 personnes\" >4 personnes<\/option><\/select><div id=\"wpforms-109-field_12-description\" class=\"wpforms-field-description\">Indiquez combien de personnes participera \u00e0 cet atelier<\/div><\/div><div id=\"wpforms-109-field_7-container\" class=\"wpforms-field wpforms-field-textarea\" data-field-id=\"7\"><label class=\"wpforms-field-label\" for=\"wpforms-109-field_7\">Une question ? <\/label><textarea id=\"wpforms-109-field_7\" class=\"wpforms-field-medium\" name=\"wpforms[fields][7]\" aria-errormessage=\"wpforms-109-field_7-error\" ><\/textarea><\/div><div id=\"wpforms-109-field_16-container\" class=\"wpforms-field wpforms-field-checkbox\" data-field-id=\"16\"><fieldset><legend class=\"wpforms-field-label\">Rester en contact avec le Canal - Protection des donn\u00e9es et utilisation <span class=\"wpforms-required-label\" aria-hidden=\"true\">*<\/span><\/legend><ul id=\"wpforms-109-field_16\" class=\"wpforms-field-required\"><li class=\"choice-1 depth-1\"><input type=\"checkbox\" id=\"wpforms-109-field_16_1\" name=\"wpforms[fields][16][]\" value=\"Oui, je veux pouvoir recevoir des nouvelles de l&#039;association le Canal par courriel\" aria-errormessage=\"wpforms-109-field_16_1-error\" aria-describedby=\"wpforms-109-field_16-description\" required ><label class=\"wpforms-field-label-inline\" for=\"wpforms-109-field_16_1\">Oui, je veux pouvoir recevoir des nouvelles de l'association le Canal par courriel<\/label><\/li><li class=\"choice-4 depth-1\"><input type=\"checkbox\" id=\"wpforms-109-field_16_4\" name=\"wpforms[fields][16][]\" value=\"Non, je me tiendrai au courant par mes propres moyens\" aria-errormessage=\"wpforms-109-field_16_4-error\" aria-describedby=\"wpforms-109-field_16-description\" required ><label class=\"wpforms-field-label-inline\" for=\"wpforms-109-field_16_4\">Non, je me tiendrai au courant par mes propres moyens<\/label><\/li><\/ul><div id=\"wpforms-109-field_16-description\" class=\"wpforms-field-description\">Pour information, les donn\u00e9es de ce formulaire sont \u00e0 l'usage exclusif de l'association Le Canal et pour l'organisation, seuls, des ateliers, \u00e0 moins de cocher la case \"oui\" pour recevoir l'actualit\u00e9 de l'association.<\/div><\/fieldset><\/div><\/div><!-- .wpforms-field-container --><div class=\"wpforms-submit-container\" ><input type=\"hidden\" name=\"wpforms[id]\" value=\"109\"><input type=\"hidden\" name=\"page_title\" value=\"\"><input type=\"hidden\" name=\"page_url\" value=\"https:\/\/lecanal.org\/index.php?rest_route=\/wp\/v2\/pages\/117\"><input type=\"hidden\" name=\"url_referer\" value=\"\"><button type=\"submit\" name=\"wpforms[submit]\" id=\"wpforms-submit-109\" class=\"wpforms-submit\" data-alt-text=\"En cours...\" data-submit-text=\"Envoyer\" aria-live=\"assertive\" value=\"wpforms-submit\">Envoyer<\/button><img decoding=\"async\" src=\"https:\/\/lecanal.org\/wp-content\/plugins\/wpforms-lite\/assets\/images\/submit-spin.svg\" class=\"wpforms-submit-spinner\" style=\"display: none;\" width=\"26\" height=\"26\" alt=\"Chargement en cours\"><\/div><\/form><\/div>  <!-- .wpforms-container -->\t\t\t\t<\/div>\n\t\t\t\t<\/div>\n\t\t\t\t<\/div>\n\t\t\t\t\t<\/div>\n\t\t\t\t<\/div>\n\t\t<div class=\"elementor-element elementor-element-f9ba77a e-flex e-con-boxed e-con e-parent\" data-id=\"f9ba77a\" data-element_type=\"container\">\n\t\t\t\t\t<div class=\"e-con-inner\">\n\t\t\t\t\t<\/div>\n\t\t\t\t<\/div>\n\t\t\t\t<\/div>\n\t\t","protected":false},"excerpt":{"rendered":"<p>R\u00e9servation d&#039;un atelier &gt;&gt;&gt; Exposition Kimono du 4 avril au 4 maiVeuillez activer JavaScript dans votre navigateur pour remplir ce formulaire.Veuillez activer JavaScript dans votre navigateur pour remplir ce formulaire. Civilit\u00e9 * Pr\u00e9nomNom T\u00e9l\u00e9phone *Email *Atelier origami &#8211; 13 avril 2025 \u00e0 15hPersonne1 personne2 personnes3 personnes4 personnesIndiquez combien de personnes participera \u00e0 cet atelierAtelier ha\u00efku&hellip;&nbsp;<a href=\"https:\/\/lecanal.org\/?page_id=117\" rel=\"bookmark\">Lire la suite &raquo;<span class=\"screen-reader-text\">R\u00e9servation ateliers<\/span><\/a><\/p>\n","protected":false},"author":1,"featured_media":0,"parent":0,"menu_order":0,"comment_status":"closed","ping_status":"closed","template":"page-templates\/template-pagebuilder-full-width.php","meta":{"neve_meta_sidebar":"","neve_meta_container":"","neve_meta_enable_content_width":"","neve_meta_content_width":0,"neve_meta_title_alignment":"","neve_meta_author_avatar":"","neve_post_elements_order":"","neve_meta_disable_header":"","neve_meta_disable_footer":"","neve_meta_disable_title":"","footnotes":""},"class_list":["post-117","page","type-page","status-publish","hentry"],"_links":{"self":[{"href":"https:\/\/lecanal.org\/index.php?rest_route=\/wp\/v2\/pages\/117","targetHints":{"allow":["GET"]}}],"collection":[{"href":"https:\/\/lecanal.org\/index.php?rest_route=\/wp\/v2\/pages"}],"about":[{"href":"https:\/\/lecanal.org\/index.php?rest_route=\/wp\/v2\/types\/page"}],"author":[{"embeddable":true,"href":"https:\/\/lecanal.org\/index.php?rest_route=\/wp\/v2\/users\/1"}],"replies":[{"embeddable":true,"href":"https:\/\/lecanal.org\/index.php?rest_route=%2Fwp%2Fv2%2Fcomments&post=117"}],"version-history":[{"count":16,"href":"https:\/\/lecanal.org\/index.php?rest_route=\/wp\/v2\/pages\/117\/revisions"}],"predecessor-version":[{"id":142,"href":"https:\/\/lecanal.org\/index.php?rest_route=\/wp\/v2\/pages\/117\/revisions\/142"}],"wp:attachment":[{"href":"https:\/\/lecanal.org\/index.php?rest_route=%2Fwp%2Fv2%2Fmedia&parent=117"}],"curies":[{"name":"wp","href":"https:\/\/api.w.org\/{rel}","templated":true}]}}